{"id":111,"date":"2014-02-17T19:25:28","date_gmt":"2014-02-17T17:25:28","guid":{"rendered":"http:\/\/hatha-yoga-basel.ch\/?page_id=111"},"modified":"2025-07-01T22:06:17","modified_gmt":"2025-07-01T20:06:17","slug":"preise","status":"publish","type":"page","link":"https:\/\/hatha-yoga-basel.ch\/?page_id=111","title":{"rendered":"Kurse und Preise"},"content":{"rendered":"\n<figure class=\"wp-block-gallery has-nested-images columns-default is-cropped wp-block-gallery-1 is-layout-flex wp-block-gallery-is-layout-flex\">\n<figure class=\"wp-block-image size-full\"><img loading=\"lazy\" decoding=\"async\" width=\"683\" height=\"1024\" data-id=\"349\" src=\"https:\/\/hatha-yoga-basel.ch\/wp-content\/uploads\/2025\/07\/2A3A5864-683x1024-1-rotated.jpg\" alt=\"\" class=\"wp-image-349\" srcset=\"https:\/\/hatha-yoga-basel.ch\/wp-content\/uploads\/2025\/07\/2A3A5864-683x1024-1-rotated.jpg 683w, https:\/\/hatha-yoga-basel.ch\/wp-content\/uploads\/2025\/07\/2A3A5864-683x1024-1-200x300.jpg 200w\" sizes=\"auto, (max-width: 683px) 100vw, 683px\" \/><\/figure>\n<\/figure>\n\n\n\n<h3 class=\"wp-block-heading\"><strong>Kurse<\/strong><\/h3>\n\n\n\n<p>Montag 20.00 &#8211; 21.30 Uhr<\/p>\n\n\n\n<p>Donnerstag 20.00 -21.30 Uhr<\/p>\n\n\n\n<h3 class=\"wp-block-heading\"><strong>Preise<\/strong><\/h3>\n\n\n\n<p>Der Preis von 300 Franken wird jeweils f\u00fcr ein Quartal bezahlt (das entspricht 10-13 Lektionen).<\/p>\n\n\n\n<p>Quartals-Einteilung:<br>1. Quartal dauert vom 1. Januar bis Ostern<br>2. Quartal dauert von Ostern bis Ende Sommer-Schulferien<br>3. Quartal dauert von Schuljahresbeginn bis Ende der Herbstschulferien<br>4. Quartal dauert von Ende der Herbstschulferien bis 31. Dezember<\/p>\n\n\n\n<p><strong>Schnupper-Lektion<\/strong>&nbsp;&nbsp; 35.-<\/p>\n\n\n\n<p><strong>Einzellektion f\u00fcr pers\u00f6nliches Yoga-Training<\/strong><br>F\u00fcr 1-2 Personen im Yoga-Studio<br>ab 100.- CHF pro Lektion (30-90 Minuten, nach Vereinbarung)<\/p>\n\n\n\n<h3 class=\"wp-block-heading\">&nbsp;<\/h3>\n\n\n\n<h3 class=\"wp-block-heading\"><strong>Gruppenkurs in Unternehmen:<\/strong><\/h3>\n\n\n\n<p><strong>Bewegung im B\u00fcro<\/strong> (KEIN Yoga)<br>Die Teilnehmer\/innen von Unternehmen lernen in ihrem B\u00fcro, wie sie sich am Arbeitsplatz Bewegung und Entspannung verschaffen k\u00f6nnen. F\u00fcr diese Lektion gen\u00fcgen die normale Alltags-Kleidung, frische Socken, und ein Badetuch.<br>F\u00fcr maximal 20 Personen<br>Material: B\u00fcrotisch und -Stuhl<br>Dauer (90-120 Minuten, nach Vereinbarung)<br>Kurskosten 280.-<\/p>\n\n\n\n<p><\/p>\n\n\n\n<figure class=\"wp-block-gallery has-nested-images columns-default is-cropped wp-block-gallery-2 is-layout-flex wp-block-gallery-is-layout-flex\"><\/figure>\n","protected":false},"excerpt":{"rendered":"<p>Kurse Montag 20.00 &#8211; 21.30 Uhr Donnerstag 20.00 -21.30 Uhr Preise Der Preis von 300 Franken wird jeweils f\u00fcr ein Quartal bezahlt (das entspricht 10-13 Lektionen). Quartals-Einteilung:1. Quartal dauert vom 1. Januar bis Ostern2. Quartal dauert von Ostern bis Ende&#8230;<\/p>\n","protected":false},"author":1,"featured_media":0,"parent":0,"menu_order":0,"comment_status":"open","ping_status":"open","template":"","meta":{"footnotes":""},"class_list":["post-111","page","type-page","status-publish","hentry"],"_links":{"self":[{"href":"https:\/\/hatha-yoga-basel.ch\/index.php?rest_route=\/wp\/v2\/pages\/111","targetHints":{"allow":["GET"]}}],"collection":[{"href":"https:\/\/hatha-yoga-basel.ch\/index.php?rest_route=\/wp\/v2\/pages"}],"about":[{"href":"https:\/\/hatha-yoga-basel.ch\/index.php?rest_route=\/wp\/v2\/types\/page"}],"author":[{"embeddable":true,"href":"https:\/\/hatha-yoga-basel.ch\/index.php?rest_route=\/wp\/v2\/users\/1"}],"replies":[{"embeddable":true,"href":"https:\/\/hatha-yoga-basel.ch\/index.php?rest_route=%2Fwp%2Fv2%2Fcomments&post=111"}],"version-history":[{"count":15,"href":"https:\/\/hatha-yoga-basel.ch\/index.php?rest_route=\/wp\/v2\/pages\/111\/revisions"}],"predecessor-version":[{"id":351,"href":"https:\/\/hatha-yoga-basel.ch\/index.php?rest_route=\/wp\/v2\/pages\/111\/revisions\/351"}],"wp:attachment":[{"href":"https:\/\/hatha-yoga-basel.ch\/index.php?rest_route=%2Fwp%2Fv2%2Fmedia&parent=111"}],"curies":[{"name":"wp","href":"https:\/\/api.w.org\/{rel}","templated":true}]}}